{"id":133758,"date":"2024-03-06T15:16:49","date_gmt":"2024-03-06T14:16:49","guid":{"rendered":"https:\/\/somorg.com\/?page_id=133758"},"modified":"2024-03-10T16:13:25","modified_gmt":"2024-03-10T15:13:25","slug":"politica-privacidad","status":"publish","type":"page","link":"https:\/\/www.somorg.com\/index.php\/politica-privacidad\/","title":{"rendered":"Pol\u00edtica Privacidad"},"content":{"rendered":"<div class=\"wpb-content-wrapper\">[vc_row row_height_percent=\u00bb0&#8243; override_padding=\u00bbyes\u00bb h_padding=\u00bb2&#8243; top_padding=\u00bb4&#8243; bottom_padding=\u00bb1&#8243; back_color=\u00bbcolor-271491&#8243; overlay_alpha=\u00bb50&#8243; gutter_size=\u00bb3&#8243; column_width_percent=\u00bb100&#8243; shift_y=\u00bb0&#8243; z_index=\u00bb0&#8243; bottom_divider=\u00bbgradient\u00bb uncode_shortcode_id=\u00bb132011&#8243; back_color_type=\u00bbuncode-palette\u00bb][vc_column column_width_use_pixel=\u00bbyes\u00bb gutter_size=\u00bb3&#8243; style=\u00bbdark\u00bb font_family=\u00bbfont-955596&#8243; overlay_alpha=\u00bb50&#8243; shift_x=\u00bb0&#8243; shift_y=\u00bb0&#8243; shift_y_down=\u00bb0&#8243; z_index=\u00bb0&#8243; medium_width=\u00bb0&#8243; mobile_width=\u00bb0&#8243; css_animation=\u00bbalpha-anim\u00bb animation_speed=\u00bb1000&#8243; animation_delay=\u00bb100&#8243; width=\u00bb1\/1&#8243; uncode_shortcode_id=\u00bb478391&#8243; column_width_pixel=\u00bb1200&#8243;][vc_button size=\u00bbbtn-sm\u00bb hover_fx=\u00bboutlined\u00bb outline=\u00bbyes\u00bb border_width=\u00bb1&#8243; icon=\u00bbfa fa-arrow-left4&#8243; uncode_shortcode_id=\u00bb309341&#8243; link=\u00bburl:https%3A%2F%2Fsomorg.com%2Findex.php%2Fsom-es%2F|title:Som\u00bb]P\u00e1gina de inicio[\/vc_button][vc_custom_heading heading_semantic=\u00bbh3&#8243; text_size=\u00bbfontsize-155944&#8243; text_height=\u00bbfontheight-357766&#8243; uncode_shortcode_id=\u00bb828181&#8243;]Pol\u00edtica de Privacidad[\/vc_custom_heading][vc_column_text uncode_shortcode_id=\u00bb163507&#8243; css=\u00bb.vc_custom_1709735107191{padding-bottom: 40px !important;}\u00bb]<!-- \/wp:heading --><\/p>\r\n<p><!-- wp:paragraph -->La direcci\u00f3n de nuestra web es: http:\/\/somorg.com. La direcci\u00f3n de nuestro email es: som@somorg.com \/ som.org.co@gmail.com.<\/p>\r\n<!-- wp:heading -->\r\n<h3>Comentarios<\/h3>\r\n<p><!-- \/wp:heading -->\r\n\r\n<!-- wp:paragraph -->Cuando los visitantes dejan comentarios en la web, recopilamos los datos que se muestran en el formulario de comentarios, as\u00ed como la direcci\u00f3n IP del visitante y la cadena de agentes de usuario del navegador para ayudar a la detecci\u00f3n de spam.<\/p>\r\n<p><!-- \/wp:paragraph -->\r\n\r\n<!-- wp:paragraph -->Una cadena an\u00f3nima creada a partir de tu direcci\u00f3n de correo electr\u00f3nico (tambi\u00e9n llamada hash) puede ser proporcionada al servicio de Gravatar para ver si la est\u00e1s usando. La pol\u00edtica de privacidad del servicio Gravatar est\u00e1 disponible aqu\u00ed: https:\/\/automattic.com\/privacy\/. Despu\u00e9s de la aprobaci\u00f3n de tu comentario, la imagen de tu perfil es visible para el p\u00fablico en el contexto de tu comentario.<\/p>\r\n<!-- wp:heading -->\r\n<h3>Medios<\/h3>\r\n<p><!-- \/wp:heading -->\r\n\r\n<!-- wp:paragraph -->Si subes im\u00e1genes a la web, deber\u00edas evitar subir im\u00e1genes con datos de ubicaci\u00f3n (GPS EXIF) incluidos. Los visitantes de la web pueden descargar y extraer cualquier dato de ubicaci\u00f3n de las im\u00e1genes de la web.<\/p>\r\n<!-- wp:heading -->\r\n<h3>Cookies<\/h3>\r\n<p><!-- \/wp:heading -->\r\n\r\n<!-- wp:paragraph -->Si dejas un comentario en nuestro sitio puedes elegir guardar tu nombre, direcci\u00f3n de correo electr\u00f3nico y web en cookies. Esto es para tu comodidad, para que no tengas que volver a rellenar tus datos cuando dejes otro comentario. Estas cookies tendr\u00e1n una duraci\u00f3n de un a\u00f1o.<\/p>\r\n<p><!-- \/wp:paragraph -->\r\n\r\n<!-- wp:paragraph -->Si tienes una cuenta y te conectas a este sitio, instalaremos una cookie temporal para determinar si tu navegador acepta cookies. Esta cookie no contiene datos personales y se elimina al cerrar el navegador.<\/p>\r\n<p><!-- \/wp:paragraph -->\r\n\r\n<!-- wp:paragraph -->Cuando accedas, tambi\u00e9n instalaremos varias cookies para guardar tu informaci\u00f3n de acceso y tus opciones de visualizaci\u00f3n de pantalla. Las cookies de acceso duran dos d\u00edas, y las cookies de opciones de pantalla duran un a\u00f1o. Si seleccionas \u00abRecu\u00e9rdarme\u00bb, tu acceso perdurar\u00e1 durante dos semanas. Si sales de tu cuenta, las cookies de acceso se eliminar\u00e1n.<\/p>\r\n<p><!-- \/wp:paragraph -->\r\n\r\n<!-- wp:paragraph -->Si editas o publicas un art\u00edculo se guardar\u00e1 una cookie adicional en tu navegador. Esta cookie no incluye datos personales y simplemente indica el ID del art\u00edculo que acabas de editar. Caduca despu\u00e9s de 1 d\u00eda.<\/p>\r\n<!-- wp:heading -->\r\n<h3>Contenido incrustado de otros sitios web<\/h3>\r\n<p><!-- \/wp:heading -->\r\n\r\n<!-- wp:paragraph -->Los art\u00edculos de este sitio pueden incluir contenido incrustado (por ejemplo, v\u00eddeos, im\u00e1genes, art\u00edculos, etc.). El contenido incrustado de otras webs se comporta exactamente de la misma manera que si el visitante hubiera visitado la otra web.<\/p>\r\n<p><!-- \/wp:paragraph -->\r\n\r\n<!-- wp:paragraph -->Estas web pueden recopilar datos sobre ti, utilizar cookies, incrustar un seguimiento adicional de terceros, y supervisar tu interacci\u00f3n con ese contenido incrustado, incluido el seguimiento de tu interacci\u00f3n con el contenido incrustado si tienes una cuenta y est\u00e1s conectado a esa web.<\/p>\r\n<!-- wp:heading -->\r\n<h3>Con qui\u00e9n compartimos tus datos<\/h3>\r\n<p><!-- \/wp:heading -->\r\n\r\n<!-- wp:paragraph -->Si solicitas un restablecimiento de contrase\u00f1a, tu direcci\u00f3n IP ser\u00e1 incluida en el correo electr\u00f3nico de restablecimiento.<\/p>\r\n<!-- wp:heading -->\r\n<h3>Cu\u00e1nto tiempo conservamos tus datos<\/h3>\r\n<p><!-- \/wp:heading -->\r\n\r\n<!-- wp:paragraph -->Si dejas un comentario, el comentario y sus metadatos se conservan indefinidamente. Esto es para que podamos reconocer y aprobar comentarios sucesivos autom\u00e1ticamente, en lugar de mantenerlos en una cola de moderaci\u00f3n.<\/p>\r\n<p><!-- \/wp:paragraph -->\r\n\r\n<!-- wp:paragraph -->De los usuarios que se registran en nuestra web (si los hay), tambi\u00e9n almacenamos la informaci\u00f3n personal que proporcionan en su perfil de usuario. Todos los usuarios pueden ver, editar o eliminar su informaci\u00f3n personal en cualquier momento (excepto que no pueden cambiar su nombre de usuario). Los administradores de la web tambi\u00e9n pueden ver y editar esa informaci\u00f3n.<\/p>\r\n<!-- wp:heading -->\r\n<h3>Qu\u00e9 derechos tienes sobre tus datos<\/h3>\r\n<p><!-- \/wp:heading -->\r\n\r\n<!-- wp:paragraph -->Si tienes una cuenta o has dejado comentarios en esta web, puedes solicitar recibir un archivo de exportaci\u00f3n de los datos personales que tenemos sobre ti, incluyendo cualquier dato que nos hayas proporcionado. Tambi\u00e9n puedes solicitar que eliminemos cualquier dato personal que tengamos sobre ti. Esto no incluye ning\u00fan dato que estemos obligados a conservar con fines administrativos, legales o de seguridad.<\/p>\r\n<!-- wp:heading -->\r\n<h3>D\u00f3nde se env\u00edan tus datos<\/h3>\r\n<p><!-- \/wp:heading -->\r\n\r\n<!-- wp:paragraph -->Los comentarios de los visitantes puede que los revise un servicio de detecci\u00f3n autom\u00e1tica de spam.[\/vc_column_text][\/vc_column][\/vc_row][vc_row row_height_percent=\u00bb0&#8243; override_padding=\u00bbyes\u00bb h_padding=\u00bb1&#8243; top_padding=\u00bb0&#8243; bottom_padding=\u00bb1&#8243; back_color=\u00bbcolor-271491&#8243; back_image=\u00bb129046&#8243; overlay_alpha=\u00bb50&#8243; gutter_size=\u00bb3&#8243; column_width_percent=\u00bb100&#8243; shift_y=\u00bb0&#8243; z_index=\u00bb0&#8243; bottom_divider=\u00bbstep\u00bb medium_visibility=\u00bbyes\u00bb mobile_visibility=\u00bbyes\u00bb uncode_shortcode_id=\u00bb109858&#8243; back_color_type=\u00bbuncode-palette\u00bb row_name=\u00bbprogrames\u00bb shape_dividers=\u00bb\u00bb][vc_column column_width_percent=\u00bb100&#8243; position_vertical=\u00bbmiddle\u00bb align_horizontal=\u00bbalign_center\u00bb gutter_size=\u00bb3&#8243; override_padding=\u00bbyes\u00bb column_padding=\u00bb3&#8243; overlay_alpha=\u00bb50&#8243; shift_x=\u00bb0&#8243; shift_y=\u00bb0&#8243; shift_y_down=\u00bb0&#8243; z_index=\u00bb0&#8243; medium_width=\u00bb0&#8243; mobile_width=\u00bb0&#8243; css_animation=\u00bbalpha-anim\u00bb width=\u00bb1\/1&#8243; uncode_shortcode_id=\u00bb186762&#8243;][vc_separator sep_color=\u00bb\u00bb uncode_shortcode_id=\u00bb241534&#8243;][vc_row_inner row_inner_height_percent=\u00bb0&#8243; overlay_alpha=\u00bb50&#8243; gutter_size=\u00bb2&#8243; shift_y=\u00bb0&#8243; z_index=\u00bb0&#8243; limit_content=\u00bb\u00bb uncode_shortcode_id=\u00bb156536&#8243;][vc_column_inner column_width_percent=\u00bb100&#8243; position_horizontal=\u00bbleft\u00bb position_vertical=\u00bbmiddle\u00bb gutter_size=\u00bb3&#8243; style=\u00bbdark\u00bb overlay_alpha=\u00bb50&#8243; shift_x=\u00bb0&#8243; shift_y=\u00bb0&#8243; shift_y_down=\u00bb0&#8243; z_index=\u00bb0&#8243; medium_width=\u00bb4&#8243; align_mobile=\u00bbalign_center_mobile\u00bb mobile_width=\u00bb0&#8243; width=\u00bb1\/2&#8243; uncode_shortcode_id=\u00bb659805&#8243;][vc_column_text text_lead=\u00bbsmall\u00bb uncode_shortcode_id=\u00bb244473&#8243;]Contacto: <a href=\"mailto:som@somorg.com\" target=\"_blank\" rel=\"noopener\">som@somorg.com<\/a>[\/vc_column_text][\/vc_column_inner][vc_column_inner column_width_percent=\u00bb100&#8243; position_horizontal=\u00bbright\u00bb align_horizontal=\u00bbalign_right\u00bb gutter_size=\u00bb3&#8243; overlay_alpha=\u00bb50&#8243; shift_x=\u00bb0&#8243; shift_y=\u00bb0&#8243; shift_y_down=\u00bb0&#8243; z_index=\u00bb0&#8243; medium_width=\u00bb0&#8243; mobile_width=\u00bb0&#8243; width=\u00bb1\/2&#8243; uncode_shortcode_id=\u00bb210699&#8243;][uncode_copyright text_lead=\u00bbsmall\u00bb][\/vc_column_inner][\/vc_row_inner][\/vc_column][\/vc_row][vc_row row_height_percent=\u00bb0&#8243; override_padding=\u00bbyes\u00bb h_padding=\u00bb1&#8243; top_padding=\u00bb0&#8243; bottom_padding=\u00bb1&#8243; back_color=\u00bbcolor-271491&#8243; back_image=\u00bb129046&#8243; overlay_alpha=\u00bb50&#8243; gutter_size=\u00bb3&#8243; column_width_percent=\u00bb100&#8243; shift_y=\u00bb0&#8243; z_index=\u00bb0&#8243; bottom_divider=\u00bbstep\u00bb desktop_visibility=\u00bbyes\u00bb uncode_shortcode_id=\u00bb961712&#8243; back_color_type=\u00bbuncode-palette\u00bb row_name=\u00bbprogrames\u00bb shape_dividers=\u00bb\u00bb][vc_column column_width_percent=\u00bb100&#8243; position_vertical=\u00bbmiddle\u00bb align_horizontal=\u00bbalign_center\u00bb gutter_size=\u00bb3&#8243; override_padding=\u00bbyes\u00bb column_padding=\u00bb3&#8243; overlay_alpha=\u00bb50&#8243; shift_x=\u00bb0&#8243; shift_y=\u00bb0&#8243; shift_y_down=\u00bb0&#8243; z_index=\u00bb0&#8243; medium_width=\u00bb0&#8243; mobile_width=\u00bb0&#8243; css_animation=\u00bbalpha-anim\u00bb width=\u00bb1\/1&#8243; uncode_shortcode_id=\u00bb186762&#8243;][vc_separator sep_color=\u00bb\u00bb uncode_shortcode_id=\u00bb241534&#8243;][vc_row_inner row_inner_height_percent=\u00bb0&#8243; overlay_alpha=\u00bb50&#8243; gutter_size=\u00bb2&#8243; shift_y=\u00bb0&#8243; z_index=\u00bb0&#8243; limit_content=\u00bb\u00bb uncode_shortcode_id=\u00bb156536&#8243;][vc_column_inner column_width_percent=\u00bb100&#8243; position_vertical=\u00bbmiddle\u00bb align_horizontal=\u00bbalign_center\u00bb gutter_size=\u00bb3&#8243; style=\u00bbdark\u00bb overlay_alpha=\u00bb50&#8243; shift_x=\u00bb0&#8243; shift_y=\u00bb0&#8243; shift_y_down=\u00bb0&#8243; z_index=\u00bb0&#8243; medium_width=\u00bb4&#8243; align_mobile=\u00bbalign_center_mobile\u00bb mobile_width=\u00bb0&#8243; width=\u00bb1\/2&#8243; uncode_shortcode_id=\u00bb143225&#8243;][vc_column_text text_lead=\u00bbsmall\u00bb uncode_shortcode_id=\u00bb244473&#8243;]Contacto: <a href=\"mailto:som@somorg.com\" target=\"_blank\" rel=\"noopener\">som@somorg.com<\/a>[\/vc_column_text][\/vc_column_inner][vc_column_inner column_width_percent=\u00bb100&#8243; align_horizontal=\u00bbalign_center\u00bb gutter_size=\u00bb3&#8243; overlay_alpha=\u00bb50&#8243; shift_x=\u00bb0&#8243; shift_y=\u00bb0&#8243; shift_y_down=\u00bb0&#8243; z_index=\u00bb0&#8243; medium_width=\u00bb0&#8243; mobile_width=\u00bb0&#8243; width=\u00bb1\/2&#8243; uncode_shortcode_id=\u00bb193619&#8243;][uncode_copyright text_lead=\u00bbsmall\u00bb][\/vc_column_inner][\/vc_row_inner][\/vc_column][\/vc_row]<\/p><\/div>","protected":false},"excerpt":{"rendered":"<p>[vc_row row_height_percent=\u00bb0&#8243; override_padding=\u00bbyes\u00bb h_padding=\u00bb2&#8243; top_padding=\u00bb4&#8243; bottom_padding=\u00bb1&#8243; back_color=\u00bbcolor-271491&#8243; overlay_alpha=\u00bb50&#8243; gutter_size=\u00bb3&#8243; column_width_percent=\u00bb100&#8243; shift_y=\u00bb0&#8243; z_index=\u00bb0&#8243; bottom_divider=\u00bbgradient\u00bb uncode_shortcode_id=\u00bb132011&#8243; back_color_type=\u00bbuncode-palette\u00bb][vc_column column_width_use_pixel=\u00bbyes\u00bb gutter_size=\u00bb3&#8243; style=\u00bbdark\u00bb font_family=\u00bbfont-955596&#8243; overlay_alpha=\u00bb50&#8243; [&hellip;]<\/p>\n","protected":false},"author":1,"featured_media":0,"parent":0,"menu_order":0,"comment_status":"closed","ping_status":"closed","template":"","meta":{"footnotes":""},"class_list":["post-133758","page","type-page","status-publish","hentry"],"_links":{"self":[{"href":"https:\/\/www.somorg.com\/index.php\/wp-json\/wp\/v2\/pages\/133758"}],"collection":[{"href":"https:\/\/www.somorg.com\/index.php\/wp-json\/wp\/v2\/pages"}],"about":[{"href":"https:\/\/www.somorg.com\/index.php\/wp-json\/wp\/v2\/types\/page"}],"author":[{"embeddable":true,"href":"https:\/\/www.somorg.com\/index.php\/wp-json\/wp\/v2\/users\/1"}],"replies":[{"embeddable":true,"href":"https:\/\/www.somorg.com\/index.php\/wp-json\/wp\/v2\/comments?post=133758"}],"version-history":[{"count":45,"href":"https:\/\/www.somorg.com\/index.php\/wp-json\/wp\/v2\/pages\/133758\/revisions"}],"predecessor-version":[{"id":133944,"href":"https:\/\/www.somorg.com\/index.php\/wp-json\/wp\/v2\/pages\/133758\/revisions\/133944"}],"wp:attachment":[{"href":"https:\/\/www.somorg.com\/index.php\/wp-json\/wp\/v2\/media?parent=133758"}],"curies":[{"name":"wp","href":"https:\/\/api.w.org\/{rel}","templated":true}]}}